{"id":1,"date":"2019-05-09T13:33:16","date_gmt":"2019-05-09T13:33:16","guid":{"rendered":"https:\/\/rthscandinavia.com\/?p=1"},"modified":"2023-05-31T13:36:04","modified_gmt":"2023-05-31T11:36:04","slug":"home","status":"publish","type":"page","link":"https:\/\/rthscandinavia.com\/","title":{"rendered":"Hem"},"content":{"rendered":"<ul>\n<li>\n<p>        <img decoding=\"async\" src=\"\/wp-content\/uploads\/yootheme\/home-hero-slideshow-01.jpg\" alt=\"\"><\/p>\n<h2>Milj\u00f6m\u00e4ssigt h\u00e5llbart<\/h2>\n<p>v\u00e5rt golv \u00e4r<\/p>\n<\/li>\n<li>\n<p>        <img decoding=\"async\" src=\"\/wp-content\/uploads\/yootheme\/home-hero-slideshow-02.jpg\" alt=\"\"><\/p>\n<h2>L\u00f6st leksystem<\/h2>\n<p>v\u00e5rt golv \u00e4r<\/p>\n<\/li>\n<li>\n<p>        <img decoding=\"async\" src=\"\/wp-content\/uploads\/yootheme\/home-hero-slideshow-03.jpg\" alt=\"\"><\/p>\n<h2> L\u00e4tt att installera<\/h2>\n<p>v\u00e5rt golv \u00e4r<\/p>\n<\/li>\n<\/ul>\n<h3><a href=\"https:\/\/www.byggvarubedomningen.se\"><\/p>\n<p>Vi har bed\u00f6mda produkter hos Byggvarubed\u00f6mningen.<\/p>\n<p>L\u00e4s mer p\u00e5 www.byggvarubedomningen.se<\/p>\n<p><\/a><\/h3>\n<p><a href=\"https:\/\/www.byggvarubedomningen.se\"><img decoding=\"async\" src=\"\/wp-content\/uploads\/2023\/04\/bvb-logotyp-cmyk.png\" alt=\"\"><\/a><\/p>\n<p>\n    <a href=\"\/index.php?page_id=1887\">L\u00e4s mer<\/a>\n<\/p>\n<hr>\n<h3>V\u00e5ra golvplattor<\/h3>\n<p>\n    <a href=\"\/index.php?page_id=1198\">L\u00e4s mer<\/a>\n<\/p>\n<ul>\n<li>\n<p>        <img decoding=\"async\" src=\"\/wp-content\/uploads\/2023\/05\/UrbanTile-1300x1240-env.png\" alt=\"\"><\/p>\n<h4>Urban Tile Collection<\/h4>\n<p><a href=\"\/index.php?page_id=9\">Fler detaljer<\/a><\/p>\n<\/li>\n<li>\n<p>        <img decoding=\"async\" src=\"\/wp-content\/uploads\/2022\/10\/Anvendelse-20.png\" alt=\"\"><\/p>\n<h4>Design Tile Collection<\/h4>\n<p><a href=\"\/index.php?page_id=1445\">Fler detaljer<\/a><\/p>\n<\/li>\n<\/ul>\n<h2>Olika anledningar att v\u00e4lja v\u00e5ra produkter och tj\u00e4nster<\/h2>\n<p>\n    <a href=\"\/index.php?page_id=4\">L\u00e4s mer<\/a>\n<\/p>\n<ul>\n<li>\n<p>        <img decoding=\"async\" src=\"\/wp-content\/uploads\/2022\/10\/1Asset-8@0.5x-8.png\" alt=\"\"><\/p>\n<h3>T\u00e5l tunga maskiner<\/h3>\n<\/li>\n<li>\n<p>        <img decoding=\"async\" src=\"\/wp-content\/uploads\/2022\/10\/1Asset-4@0.5x-8.png\" alt=\"\"><\/p>\n<h3>Brannhemmende Bfl S1<\/h3>\n<\/li>\n<li>\n<p>        <img decoding=\"async\" src=\"\/wp-content\/uploads\/2022\/10\/1Asset-2@0.5x-8.png\" alt=\"\"><\/p>\n<h3>L\u00f6st tillagd<\/h3>\n<\/li>\n<li>\n<p>        <img decoding=\"async\" src=\"\/wp-content\/uploads\/2022\/10\/1Asset-13@0.5x-8.png\" alt=\"\"><\/p>\n<h3>Minskar tr\u00f6tthet<\/h3>\n<\/li>\n<li>\n<p>        <img decoding=\"async\" src=\"\/wp-content\/uploads\/2022\/10\/1Asset-5@0.5x-8.png\" alt=\"\"><\/p>\n<h3>Milj\u00f6v\u00e4nligt<\/h3>\n<\/li>\n<li>\n<p>        <img decoding=\"async\" src=\"\/wp-content\/uploads\/2022\/10\/1Asset-6@0.5x-8.png\" alt=\"\"><\/p>\n<h3>Minskar damm och buller<\/h3>\n<\/li>\n<\/ul>\n<h2>Utforska v\u00e5ra utvalda projekt<\/h2>\n<p>\n    <a href=\"\/index.php?page_id=1929\">L\u00e4s mer<\/a>\n<\/p>\n<ul>\n<li>\n<p>        <img decoding=\"async\" src=\"\/wp-content\/uploads\/2023\/03\/2.jpg\" alt=\"\"><\/p>\n<h3>2<\/h3>\n<\/li>\n<li>\n<p>        <img decoding=\"async\" src=\"\/wp-content\/uploads\/2023\/04\/r-tile-mcclaren.jpg\" alt=\"\"><\/p>\n<h3>r-tile mcclaren<\/h3>\n<\/li>\n<li>\n<p>        <img decoding=\"async\" src=\"\/wp-content\/uploads\/2023\/03\/2.jpg\" alt=\"\"><\/p>\n<h3>2<\/h3>\n<\/li>\n<li>\n<p>        <img decoding=\"async\" src=\"\/wp-content\/uploads\/2019\/01\/888.jpg\" alt=\"\"><\/p>\n<h3>888<\/h3>\n<\/li>\n<li>\n<p>        <img decoding=\"async\" src=\"\/wp-content\/uploads\/2019\/01\/image-010.jpg\" alt=\"\"><\/p>\n<h3>image&#8211;010<\/h3>\n<\/li>\n<\/ul>\n<p><img decoding=\"async\" src=\"\/wp-content\/uploads\/yootheme\/cta-icon.svg\" alt=\"\"><\/p>\n<h2>LETAR NI EFTER N\u00c5GOT INDIVIDUELLT<\/h2>\n<p>\n    <a href=\"\/index.php?page_id=7\">kontakta oss<\/a>\n<\/p>\n<p><!--more--><br \/>\n<!-- {\"name\":\"\",\"type\":\"layout\",\"children\":[{\"name\":\"Hero\",\"type\":\"section\",\"props\":{\"height\":\"percent\",\"image_position\":\"center-center\",\"padding\":\"none\",\"padding_remove_top\":false,\"style\":\"default\",\"title_breakpoint\":\"xl\",\"title_position\":\"top-left\",\"title_rotation\":\"left\",\"vertical_align\":\"\",\"width\":\"\"},\"children\":[{\"name\":\"\",\"type\":\"row\",\"props\":{\"margin_remove_top\":false},\"children\":[{\"name\":\"\",\"type\":\"column\",\"props\":{\"image_position\":\"center-center\",\"media_overlay_gradient\":\"\",\"position_sticky_breakpoint\":\"m\",\"width_medium\":\"1-1\"},\"children\":[{\"name\":\"\",\"type\":\"slideshow\",\"props\":{\"animation\":\"parallax\",\"container_padding_remove\":false,\"image_width\":\"2560\",\"link_style\":\"default\",\"link_text\":\"Read more\",\"margin\":\"default\",\"margin_remove_top\":false,\"meta_align\":\"above-title\",\"meta_color\":\"muted\",\"meta_element\":\"div\",\"meta_style\":\"h4\",\"nav\":\"thumbnav\",\"nav_align\":\"center\",\"nav_below\":false,\"nav_breakpoint\":\"\",\"nav_color\":\"\",\"nav_margin\":\"\",\"nav_position\":\"bottom-center\",\"nav_position_margin\":\"medium\",\"nav_vertical\":false,\"overlay_animation\":\"parallax\",\"overlay_container\":\"\",\"overlay_container_padding\":\"\",\"overlay_position\":\"center\",\"overlay_width\":\"\",\"parallax_breakpoint\":\"m\",\"parallax_easing\":\"1\",\"parallax_y\":\"0,-50\",\"show_content\":true,\"show_link\":true,\"show_meta\":true,\"show_thumbnail\":true,\"show_title\":true,\"slidenav\":\"bottom-right\",\"slidenav_breakpoint\":\"m\",\"slidenav_hover\":false,\"slidenav_large\":true,\"slidenav_margin\":\"\",\"slidenav_outside_breakpoint\":\"xl\",\"slidenav_outside_color\":\"\",\"slideshow_animation\":\"fade\",\"slideshow_autoplay\":true,\"slideshow_autoplay_pause\":true,\"slideshow_box_decoration\":\"\",\"slideshow_box_shadow\":\"\",\"slideshow_height\":\"percent\",\"slideshow_kenburns\":\"alternate\",\"slideshow_max_height\":\"\",\"slideshow_min_height\":\"500\",\"slideshow_velocity\":\"1.5\",\"text_align\":\"center\",\"thumbnav_height\":\"100\",\"thumbnav_nowrap\":true,\"thumbnav_svg_color\":\"emphasis\",\"thumbnav_width\":\"150\",\"title_element\":\"h2\",\"title_margin\":\"remove\",\"title_style\":\"heading-xlarge\"},\"children\":[{\"name\":\"\",\"type\":\"slideshow_item\",\"props\":{\"content\":\"\",\"image\":\"wp-content\\\/uploads\\\/yootheme\\\/home-hero-slideshow-01.jpg\",\"meta\":\"v\\u00e5rt golv \\u00e4r\",\"text_color\":\"dark\",\"title\":\"Milj\\u00f6m\\u00e4ssigt h\\u00e5llbart\"}},{\"name\":\"\",\"type\":\"slideshow_item\",\"props\":{\"content\":\"\",\"image\":\"wp-content\\\/uploads\\\/yootheme\\\/home-hero-slideshow-02.jpg\",\"meta\":\"v\\u00e5rt golv \\u00e4r\",\"text_color\":\"dark\",\"title\":\"L\\u00f6st leksystem\"}},{\"name\":\"\",\"type\":\"slideshow_item\",\"props\":{\"content\":\"\",\"image\":\"wp-content\\\/uploads\\\/yootheme\\\/home-hero-slideshow-03.jpg\",\"meta\":\"v\\u00e5rt golv \\u00e4r\",\"text_color\":\"dark\",\"title\":\" L\\u00e4tt att installera\"}}]}]}]}]},{\"name\":\"About\",\"type\":\"section\",\"props\":{\"animation_delay\":false,\"image_position\":\"center-center\",\"padding\":\"small\",\"padding_remove_top\":false,\"style\":\"default\",\"title_breakpoint\":\"xl\",\"title_position\":\"top-left\",\"title_rotation\":\"left\",\"vertical_align\":\"middle\",\"width\":\"large\"},\"children\":[{\"name\":\"\",\"type\":\"row\",\"props\":{\"margin\":\"large\"},\"children\":[{\"name\":\"\",\"type\":\"column\",\"props\":{\"image_position\":\"center-center\",\"media_overlay_gradient\":\"\",\"position_sticky_breakpoint\":\"m\",\"width_medium\":\"1-1\"},\"children\":[{\"name\":\"\",\"type\":\"divider\",\"props\":{\"animation\":\"slide-bottom-medium\",\"divider_align\":\"center\",\"divider_align_breakpoint\":\"\",\"divider_align_fallback\":\"\",\"divider_element\":\"div\",\"divider_style\":\"icon\"}},{\"name\":\"\",\"type\":\"headline\",\"props\":{\"animation\":\"parallax\",\"content\":\"\n\n<p>Vi har bed\\u00f6mda produkter hos Byggvarubed\\u00f6mningen.<\\\/p>\\n\n\n<p>L\\u00e4s mer p\\u00e5 www.byggvarubedomningen.se<\\\/p>\",\"link\":\"https:\\\/\\\/www.byggvarubedomningen.se\",\"link_target\":true,\"parallax_breakpoint\":\"m\",\"parallax_easing\":\"1\",\"parallax_end\":\"90vh + 90%\",\"parallax_opacity\":\"0.3,1\",\"parallax_y\":\"15,0\",\"text_align\":\"center\",\"title_element\":\"h3\"}},{\"type\":\"image\",\"props\":{\"image\":\"wp-content\\\/uploads\\\/2023\\\/04\\\/bvb-logotyp-cmyk.png\",\"image_height\":\"15%\",\"image_svg_color\":\"emphasis\",\"link\":\"https:\\\/\\\/www.byggvarubedomningen.se\",\"link_target\":\"modal\",\"margin\":\"default\",\"text_align\":\"center\"}},{\"name\":\"\",\"type\":\"button\",\"props\":{\"animation\":\"none\",\"block_align\":\"center\",\"css\":\"@media (max-width: 1460px)  {\\n\\t.el-element { margin-bottom: 70px; }\\n}\",\"fullwidth\":false,\"grid_column_gap\":\"small\",\"grid_row_gap\":\"small\",\"margin\":\"default\",\"margin_remove_bottom\":false,\"maxwidth\":\"large\",\"parallax_x\":\"100,150\",\"position\":\"relative\",\"text_align\":\"center\",\"text_align_breakpoint\":\"xl\",\"text_align_fallback\":\"center\"},\"children\":[{\"name\":\"\",\"type\":\"button_item\",\"props\":{\"button_style\":\"text\",\"content\":\"L\\u00e4s mer\",\"icon\":\"\",\"icon_align\":\"left\",\"link\":\"index.php?page_id=1887\"}}]}]}]}]},{\"name\":\"Services\",\"type\":\"section\",\"props\":{\"animation_delay\":false,\"image_position\":\"center-center\",\"padding\":\"small\",\"padding_remove_bottom\":true,\"padding_remove_top\":false,\"style\":\"default\",\"title_breakpoint\":\"xl\",\"title_position\":\"top-left\",\"title_rotation\":\"left\",\"vertical_align\":\"middle\",\"width\":\"\"},\"children\":[{\"name\":\"\",\"type\":\"row\",\"props\":{\"column_gap\":\"small\",\"layout\":\"1-3,2-3\",\"margin_remove_bottom\":false,\"margin_remove_top\":false,\"match\":false,\"row_gap\":\"small\"},\"children\":[{\"name\":\"\",\"type\":\"column\",\"props\":{\"image_position\":\"center-center\",\"media_overlay_gradient\":\"\",\"position_sticky_breakpoint\":\"m\",\"vertical_align\":\"middle\",\"width_medium\":\"1-3\"},\"children\":[{\"type\":\"divider\",\"props\":{\"divider_element\":\"hr\",\"divider_style\":\"icon\"}},{\"name\":\"\",\"type\":\"headline\",\"props\":{\"animation\":\"parallax\",\"block_align\":\"center\",\"content\":\"V\\u00e5ra golvplattor\",\"maxwidth\":\"large\",\"maxwidth_breakpoint\":\"m\",\"parallax_breakpoint\":\"m\",\"parallax_easing\":\"1\",\"parallax_end\":\"70vh + 70%\",\"parallax_opacity\":\"0.3,1\",\"parallax_y\":\"15,0\",\"text_align\":\"left\",\"text_align_breakpoint\":\"xl\",\"text_align_fallback\":\"center\",\"title_element\":\"h3\",\"title_style\":\"heading-medium\"}},{\"name\":\"\",\"type\":\"button\",\"props\":{\"animation\":\"none\",\"block_align\":\"center\",\"css\":\"@media (max-width: 1460px)  {\\n\\t.el-element { margin-bottom: 70px; }\\n}\",\"grid_column_gap\":\"small\",\"grid_row_gap\":\"small\",\"margin\":\"default\",\"margin_remove_bottom\":false,\"maxwidth\":\"large\",\"parallax_x\":\"100,150\",\"text_align\":\"left\",\"text_align_breakpoint\":\"xl\",\"text_align_fallback\":\"center\"},\"children\":[{\"name\":\"\",\"type\":\"button_item\",\"props\":{\"button_style\":\"text\",\"content\":\"L\\u00e4s mer\",\"icon_align\":\"left\",\"link\":\"index.php?page_id=1198\"}}]}]},{\"name\":\"\",\"type\":\"column\",\"props\":{\"image_position\":\"center-center\",\"media_overlay_gradient\":\"\",\"position_sticky_breakpoint\":\"m\",\"width_medium\":\"2-3\"},\"children\":[{\"name\":\"\",\"type\":\"gallery\",\"props\":{\"animation\":\"none\",\"filter_align\":\"left\",\"filter_all\":true,\"filter_grid_breakpoint\":\"m\",\"filter_grid_width\":\"auto\",\"filter_position\":\"top\",\"filter_style\":\"tab\",\"grid_column_gap\":\"small\",\"grid_default\":\"1\",\"grid_medium\":\"2\",\"grid_row_gap\":\"small\",\"grid_small\":\"2\",\"image_transition\":\"scale-up\",\"image_width\":\"850\",\"item_animation\":true,\"link_style\":\"link-text\",\"link_text\":\"More Details\",\"margin\":\"\",\"meta_align\":\"below-title\",\"meta_element\":\"div\",\"meta_style\":\"\",\"overlay_hover\":false,\"overlay_link\":true,\"overlay_margin\":\"large\",\"overlay_maxwidth\":\"large\",\"overlay_mode\":\"caption\",\"overlay_padding\":\"large\",\"overlay_position\":\"center\",\"overlay_style\":\"overlay-default\",\"overlay_transition\":\"fade\",\"parallax_easing\":\"1\",\"show_content\":true,\"show_hover_image\":true,\"show_link\":true,\"show_meta\":true,\"show_title\":true,\"text_align\":\"center\",\"text_color\":\"\",\"title_element\":\"h4\",\"title_hover_style\":\"reset\",\"title_style\":\"h2\"},\"children\":[{\"name\":\"\",\"type\":\"gallery_item\",\"props\":{\"content\":\"\",\"image\":\"wp-content\\\/uploads\\\/2023\\\/05\\\/UrbanTile-1300x1240-env.png\",\"link\":\"index.php?page_id=9\",\"link_text\":\"Fler detaljer\",\"title\":\"Urban Tile Collection\"}},{\"name\":\"\",\"type\":\"gallery_item\",\"props\":{\"content\":\"\",\"image\":\"wp-content\\\/uploads\\\/2022\\\/10\\\/Anvendelse-20.png\",\"link\":\"index.php?page_id=1445\",\"link_text\":\"Fler detaljer\",\"title\":\"Design Tile Collection\"}}]}]}]}]},{\"name\":\"Materials\",\"type\":\"section\",\"props\":{\"height\":\"percent\",\"image_position\":\"center-center\",\"overlap\":false,\"padding\":\"small\",\"style\":\"default\",\"title_breakpoint\":\"xl\",\"title_position\":\"top-left\",\"title_rotation\":\"left\",\"vertical_align\":\"middle\",\"width\":\"xlarge\",\"width_expand\":\"right\"},\"children\":[{\"name\":\"\",\"type\":\"row\",\"props\":{\"column_gap\":\"large\",\"divider\":false,\"layout\":\"1-3,2-3\",\"margin\":\"remove-vertical\",\"row_gap\":\"large\"},\"children\":[{\"name\":\"\",\"type\":\"column\",\"props\":{\"image_position\":\"center-center\",\"media_overlay_gradient\":\"\",\"padding\":\"large\",\"position_sticky_breakpoint\":\"m\",\"width_large\":\"1-3\"},\"children\":[{\"name\":\"\",\"type\":\"divider\",\"props\":{\"animation\":\"none\",\"divider_align\":\"left\",\"divider_align_breakpoint\":\"m\",\"divider_align_fallback\":\"center\",\"divider_element\":\"div\",\"divider_style\":\"icon\",\"margin_remove_bottom\":false}},{\"name\":\"\",\"type\":\"headline\",\"props\":{\"animation\":\"parallax\",\"block_align\":\"center\",\"content\":\"Olika anledningar att v\\u00e4lja v\\u00e5ra produkter och tj\\u00e4nster\",\"margin\":\"small\",\"margin_remove_top\":false,\"maxwidth\":\"2xlarge\",\"maxwidth_breakpoint\":\"l\",\"parallax_breakpoint\":\"m\",\"parallax_easing\":\"1\",\"parallax_end\":\"70vh + 70%\",\"parallax_opacity\":\"0.3,1\",\"parallax_y\":\"15,0\",\"text_align\":\"left\",\"text_align_breakpoint\":\"m\",\"text_align_fallback\":\"center\",\"title_element\":\"h2\",\"title_style\":\"heading-small\"}},{\"name\":\"\",\"type\":\"button\",\"props\":{\"animation\":\"none\",\"block_align\":\"center\",\"grid_column_gap\":\"small\",\"grid_row_gap\":\"small\",\"margin\":\"large\",\"position\":\"relative\",\"text_align\":\"left\",\"text_align_breakpoint\":\"m\",\"text_align_fallback\":\"center\"},\"children\":[{\"name\":\"\",\"type\":\"button_item\",\"props\":{\"button_style\":\"text\",\"content\":\"L\\u00e4s mer\",\"icon_align\":\"left\",\"link\":\"index.php?page_id=4\",\"link_title\":\"Om oss\"}}]}]},{\"name\":\"\",\"type\":\"column\",\"props\":{\"image_position\":\"center-center\",\"media_overlay_gradient\":\"\",\"position_sticky_breakpoint\":\"m\",\"vertical_align\":\"middle\",\"width_large\":\"2-3\"},\"children\":[{\"type\":\"grid\",\"props\":{\"container_padding_remove\":true,\"content_column_breakpoint\":\"m\",\"content_style\":\"text-meta\",\"filter\":false,\"filter_align\":\"center\",\"filter_all\":true,\"filter_grid_breakpoint\":\"m\",\"filter_grid_width\":\"auto\",\"filter_position\":\"top\",\"filter_style\":\"tab\",\"grid_column_align\":false,\"grid_default\":\"1\",\"grid_divider\":true,\"grid_large\":\"3\",\"grid_masonry\":true,\"grid_medium\":\"3\",\"grid_parallax\":\"0\",\"grid_xlarge\":\"3\",\"icon_width\":80,\"image_align\":\"top\",\"image_grid_breakpoint\":\"m\",\"image_grid_width\":\"1-2\",\"image_svg_color\":\"emphasis\",\"item_animation\":true,\"lightbox\":false,\"link_style\":\"default\",\"link_text\":\"Read more\",\"margin\":\"default\",\"margin_remove_top\":false,\"meta_align\":\"above-title\",\"meta_element\":\"h5\",\"meta_style\":\"text-meta\",\"parallax_easing\":\"1\",\"show_content\":true,\"show_image\":true,\"show_link\":true,\"show_meta\":true,\"show_title\":true,\"text_align\":\"center\",\"title_align\":\"top\",\"title_element\":\"h3\",\"title_grid_breakpoint\":\"m\",\"title_grid_width\":\"1-2\",\"title_hover_style\":\"reset\",\"title_style\":\"h3\"},\"children\":[{\"type\":\"grid_item\",\"props\":{\"content\":\"\",\"image\":\"wp-content\\\/uploads\\\/2022\\\/10\\\/1Asset-8@0.5x-8.png\",\"title\":\"T\\u00e5l tunga maskiner\"}},{\"type\":\"grid_item\",\"props\":{\"content\":\"\",\"image\":\"wp-content\\\/uploads\\\/2022\\\/10\\\/1Asset-4@0.5x-8.png\",\"title\":\"Brannhemmende Bfl S1\"}},{\"type\":\"grid_item\",\"props\":{\"content\":\"\",\"image\":\"wp-content\\\/uploads\\\/2022\\\/10\\\/1Asset-2@0.5x-8.png\",\"tags\":\"\",\"title\":\"L\\u00f6st tillagd\"}},{\"type\":\"grid_item\",\"props\":{\"content\":\"\",\"image\":\"wp-content\\\/uploads\\\/2022\\\/10\\\/1Asset-13@0.5x-8.png\",\"title\":\"Minskar tr\\u00f6tthet\"}},{\"type\":\"grid_item\",\"props\":{\"content\":\"\",\"image\":\"wp-content\\\/uploads\\\/2022\\\/10\\\/1Asset-5@0.5x-8.png\",\"title\":\"Milj\\u00f6v\\u00e4nligt\"}},{\"type\":\"grid_item\",\"props\":{\"image\":\"wp-content\\\/uploads\\\/2022\\\/10\\\/1Asset-6@0.5x-8.png\",\"title\":\"Minskar damm och buller\"}}]}]}]}]},{\"name\":\"Portfolio\",\"type\":\"section\",\"props\":{\"image_position\":\"center-center\",\"padding\":\"small\",\"padding_remove_bottom\":true,\"padding_remove_top\":false,\"style\":\"default\",\"title_breakpoint\":\"xl\",\"title_position\":\"top-left\",\"title_rotation\":\"left\",\"vertical_align\":\"middle\",\"width\":\"xlarge\",\"width_expand\":\"right\"},\"children\":[{\"name\":\"\",\"type\":\"row\",\"props\":{\"column_gap\":\"large\",\"layout\":\"1-3,2-3\",\"row_gap\":\"large\"},\"children\":[{\"name\":\"\",\"type\":\"column\",\"props\":{\"image_position\":\"center-center\",\"media_overlay_gradient\":\"\",\"position_sticky_breakpoint\":\"m\",\"vertical_align\":\"middle\",\"width_large\":\"1-3\"},\"children\":[{\"name\":\"\",\"type\":\"divider\",\"props\":{\"animation\":\"none\",\"divider_align\":\"left\",\"divider_align_breakpoint\":\"\",\"divider_align_fallback\":\"\",\"divider_element\":\"div\",\"divider_style\":\"icon\",\"margin_remove_bottom\":false}},{\"name\":\"\",\"type\":\"headline\",\"props\":{\"animation\":\"parallax\",\"content\":\"Utforska v\\u00e5ra utvalda projekt\",\"margin_remove_top\":true,\"maxwidth\":\"xlarge\",\"parallax_breakpoint\":\"m\",\"parallax_easing\":\"1\",\"parallax_end\":\"70vh + 70%\",\"parallax_opacity\":\"0.3,1\",\"parallax_y\":\"20,0\",\"text_align\":\"left\",\"title_element\":\"h2\",\"title_style\":\"heading-small\"}},{\"name\":\"\",\"type\":\"button\",\"props\":{\"animation\":\"none\",\"grid_column_gap\":\"small\",\"grid_row_gap\":\"small\",\"margin\":\"large\",\"maxwidth\":\"xlarge\",\"position\":\"relative\",\"text_align\":\"left\"},\"children\":[{\"name\":\"\",\"type\":\"button_item\",\"props\":{\"button_style\":\"text\",\"content\":\"L\\u00e4s mer\",\"icon_align\":\"left\",\"link\":\"index.php?page_id=1929\"}}]}]},{\"name\":\"\",\"type\":\"column\",\"props\":{\"image_position\":\"center-center\",\"media_overlay_gradient\":\"\",\"position_sticky_breakpoint\":\"m\",\"vertical_align\":\"middle\",\"width_large\":\"2-3\"},\"children\":[{\"name\":\"\",\"type\":\"overlay-slider\",\"props\":{\"animation\":\"parallax\",\"container_padding_remove\":true,\"image_width\":\"470\",\"link_style\":\"default\",\"link_text\":\"\",\"margin\":\"\",\"meta_align\":\"below-title\",\"meta_element\":\"div\",\"meta_margin\":\"small\",\"meta_style\":\"h6\",\"nav\":\"\",\"nav_align\":\"center\",\"nav_breakpoint\":\"s\",\"nav_color\":\"\",\"nav_margin\":\"\",\"overlay_hover\":true,\"overlay_link\":true,\"overlay_mode\":\"caption\",\"overlay_position\":\"bottom\",\"overlay_style\":\"overlay-default\",\"overlay_transition\":\"fade\",\"parallax_breakpoint\":\"l\",\"parallax_easing\":\"1\",\"parallax_end\":\"60vh + 60%\",\"parallax_opacity\":\"0.8,1\",\"parallax_y\":\"50,-50\",\"show_content\":true,\"show_hover_image\":true,\"show_link\":true,\"show_meta\":true,\"show_title\":false,\"slidenav\":\"top-right\",\"slidenav_breakpoint\":\"m\",\"slidenav_color\":\"\",\"slidenav_hover\":true,\"slidenav_large\":true,\"slidenav_margin\":\"\",\"slidenav_outside_breakpoint\":\"xl\",\"slidenav_outside_color\":\"\",\"slider_autoplay\":true,\"slider_autoplay_pause\":true,\"slider_center\":false,\"slider_divider\":false,\"slider_gap\":\"small\",\"slider_height\":\"\",\"slider_sets\":false,\"slider_width\":\"fixed\",\"slider_width_default\":\"5-6\",\"slider_width_large\":\"\",\"slider_width_medium\":\"1-3\",\"slider_width_small\":\"1-2\",\"slider_width_xlarge\":\"\",\"text_align\":\"center\",\"title_element\":\"h3\",\"title_hover_style\":\"reset\"},\"children\":[{\"type\":\"overlay-slider_item\",\"props\":{\"image\":\"wp-content\\\/uploads\\\/2023\\\/03\\\/2.jpg\",\"title\":\"2\"}},{\"type\":\"overlay-slider_item\",\"props\":{\"image\":\"wp-content\\\/uploads\\\/2023\\\/04\\\/r-tile-mcclaren.jpg\",\"title\":\"r-tile mcclaren\"}},{\"type\":\"overlay-slider_item\",\"props\":{\"image\":\"wp-content\\\/uploads\\\/2023\\\/03\\\/2.jpg\",\"title\":\"2\"}},{\"type\":\"overlay-slider_item\",\"props\":{\"image\":\"wp-content\\\/uploads\\\/2019\\\/01\\\/888.jpg\",\"title\":\"888\"}},{\"type\":\"overlay-slider_item\",\"props\":{\"image\":\"wp-content\\\/uploads\\\/2019\\\/01\\\/image-010.jpg\",\"title\":\"image--010\"}}]}]}]}]},{\"name\":\"Call to Action\",\"type\":\"section\",\"props\":{\"image\":\"\",\"image_position\":\"center-center\",\"padding_remove_bottom\":true,\"padding_remove_top\":false,\"style\":\"default\",\"text_color\":\"light\",\"title_breakpoint\":\"xl\",\"title_position\":\"top-left\",\"title_rotation\":\"left\",\"vertical_align\":\"middle\",\"width\":\"xlarge\"},\"children\":[{\"name\":\"\",\"type\":\"row\",\"children\":[{\"name\":\"\",\"type\":\"column\",\"props\":{\"image\":\"wp-content\\\/uploads\\\/yootheme\\\/cta-bg.jpg\",\"image_position\":\"center-center\",\"image_size\":\"cover\",\"image_width\":\"1600\",\"media_overlay_gradient\":\"\",\"padding\":\"large\",\"position_sticky_breakpoint\":\"m\",\"text_color\":\"light\",\"vertical_align\":\"middle\",\"width_medium\":\"1-1\"},\"children\":[{\"name\":\"\",\"type\":\"image\",\"props\":{\"image\":\"wp-content\\\/uploads\\\/yootheme\\\/cta-icon.svg\",\"image_svg_color\":\"success\",\"image_svg_inline\":true,\"margin\":\"default\",\"text_align\":\"center\"}},{\"name\":\"\",\"type\":\"headline\",\"props\":{\"content\":\"LETAR NI EFTER N\\u00c5GOT INDIVIDUELLT\",\"margin\":\"default\",\"text_align\":\"center\",\"title_color\":\"success\",\"title_element\":\"h2\",\"title_style\":\"heading-small\"}},{\"name\":\"\",\"type\":\"button\",\"props\":{\"button_size\":\"large\",\"fullwidth\":false,\"grid_column_gap\":\"\",\"grid_row_gap\":\"\",\"margin\":\"large\",\"margin_remove_bottom\":false,\"text_align\":\"center\"},\"children\":[{\"name\":\"\",\"type\":\"button_item\",\"props\":{\"button_style\":\"default\",\"content\":\"kontakta oss\",\"icon_align\":\"left\",\"link\":\"index.php?page_id=7\"}}]}]}]}]}],\"version\":\"3.0.25\"} --><\/p>\n","protected":false},"excerpt":{"rendered":"<p>Milj\u00f6m\u00e4ssigt h\u00e5llbart v\u00e5rt golv \u00e4r L\u00f6st leksystem v\u00e5rt golv \u00e4r L\u00e4tt att installera v\u00e5rt golv \u00e4r Vi har bed\u00f6mda produkter hos Byggvarubed\u00f6mningen. L\u00e4s mer p\u00e5 www.byggvarubedomningen.se L\u00e4s mer V\u00e5ra golvplattor L\u00e4s mer Urban Tile Collection Fler detaljer Design Tile Collection Fler detaljer Olika anledningar att v\u00e4lja v\u00e5ra produkter och tj\u00e4nster L\u00e4s mer T\u00e5l tunga maskiner [&hellip;]<\/p>\n","protected":false},"author":1,"featured_media":0,"parent":0,"menu_order":10,"comment_status":"open","ping_status":"open","template":"","meta":{"_acf_changed":false,"footnotes":""},"class_list":["post-1","page","type-page","status-publish","hentry"],"acf":[],"aioseo_notices":[],"_links":{"self":[{"href":"https:\/\/rthscandinavia.com\/index.php?rest_route=\/wp\/v2\/pages\/1","targetHints":{"allow":["GET"]}}],"collection":[{"href":"https:\/\/rthscandinavia.com\/index.php?rest_route=\/wp\/v2\/pages"}],"about":[{"href":"https:\/\/rthscandinavia.com\/index.php?rest_route=\/wp\/v2\/types\/page"}],"author":[{"embeddable":true,"href":"https:\/\/rthscandinavia.com\/index.php?rest_route=\/wp\/v2\/users\/1"}],"replies":[{"embeddable":true,"href":"https:\/\/rthscandinavia.com\/index.php?rest_route=%2Fwp%2Fv2%2Fcomments&post=1"}],"version-history":[{"count":74,"href":"https:\/\/rthscandinavia.com\/index.php?rest_route=\/wp\/v2\/pages\/1\/revisions"}],"predecessor-version":[{"id":2132,"href":"https:\/\/rthscandinavia.com\/index.php?rest_route=\/wp\/v2\/pages\/1\/revisions\/2132"}],"wp:attachment":[{"href":"https:\/\/rthscandinavia.com\/index.php?rest_route=%2Fwp%2Fv2%2Fmedia&parent=1"}],"curies":[{"name":"wp","href":"https:\/\/api.w.org\/{rel}","templated":true}]}}