{"id":1198,"date":"2022-09-12T20:41:53","date_gmt":"2022-09-12T20:41:53","guid":{"rendered":"https:\/\/rthscandinavia.com\/?page_id=1198"},"modified":"2023-05-29T12:23:04","modified_gmt":"2023-05-29T10:23:04","slug":"products","status":"publish","type":"page","link":"https:\/\/rthscandinavia.com\/?page_id=1198","title":{"rendered":"Produktsortiment"},"content":{"rendered":"<h1>\n<p>V\u00e5ra kollektioner<\/p>\n<\/h1>\n<p><a href=\"\/index.php?page_id=1445\"><img decoding=\"async\" src=\"\/wp-content\/uploads\/yootheme\/materials-02.png\" alt=\"\"><\/a><\/p>\n<hr>\n<h2>R- Tile Design Collection<\/h2>\n<div>\n<p>R-Tile Floor Design Collection \u00e4r en patenterad ny generation av robust, dold interlock, l\u00f6st liggande LVT.<\/p>\n<p>Designkollektionen finns i modern design och med unika f\u00e4rgmatchade fogkanter som ger keramisk estetik och vinylprestanda.<\/p>\n<\/div>\n<p><a href=\"\/wp-content\/uploads\/2022\/09\/Cert-CE.svg\"><img decoding=\"async\" src=\"https:\/\/rthscandinavia.com\/wp-content\/uploads\/2022\/09\/Cert-CE.svg\" alt=\"\"><\/a><\/p>\n<p>\n    <a href=\"\/index.php?page_id=1445\">L\u00e4s mer<\/a>\n<\/p>\n<hr>\n<h2>R- Tile Urban Collection<\/h2>\n<div>\n<p>R-Tile Floor Urban Collection \u00e4r en ny generation av robusta, l\u00f6st liggande LVT.<\/p>\n<p>Urban Tile Collection finns i modern design och med unika ytbehandlingar som ger keramisk estetik och vinylprestanda.<\/p>\n<\/div>\n<p><img decoding=\"async\" src=\"https:\/\/rthscandinavia.com\/wp-content\/uploads\/2022\/09\/Cert-CE.svg\" alt=\"\"><\/p>\n<p>\n    <a href=\"\/index.php?page_id=9\">L\u00e4s mer<\/a>\n<\/p>\n<p><a href=\"\/index.php?page_id=9\"><img decoding=\"async\" src=\"\/wp-content\/uploads\/yootheme\/materials-03.png\" alt=\"\"><\/a><br \/>\n<a href=\"\/index.php?page_id=2083\"><img decoding=\"async\" src=\"\/wp-content\/uploads\/2022\/10\/1Asset-3.png\" alt=\"\"><\/a><\/p>\n<hr>\n<h2>R-Tile \u00d6vriga typer golvplattor<\/h2>\n<div>\n<p>Tillg\u00e4nglig i 4mm-9 mm tjocklek<br \/>10 farger + Custom foto film ( ex. logotyp eller annan visualisering)<br \/>Olika typer av ytor: Rutig, Excel, skiffer, dubbad, tekturerad duvsvans, texturerad T-fog)<\/p>\n<p>Tillbeh\u00f6r: Rampkanter<\/p>\n<\/div>\n<p><img decoding=\"async\" src=\"https:\/\/rthscandinavia.com\/wp-content\/uploads\/2022\/09\/Cert-CE.svg\" alt=\"\"><\/p>\n<p>\n    <a href=\"\/index.php?page_id=2083\">L\u00e4s mer<\/a>\n<\/p>\n<p><img decoding=\"async\" src=\"\/wp-content\/uploads\/cta-icon.svg\" alt=\"\"><\/p>\n<h2>Letar du efter n\u00e5got individuellt?<\/h2>\n<p>\n    <a href=\"\/index.php?page_id=7\">Kontakta oss<\/a>\n<\/p>\n<p><!--more--><br \/>\n<!-- {\"type\":\"layout\",\"children\":[{\"name\":\"Hero\",\"type\":\"section\",\"props\":{\"image\":\"wp-content\\\/uploads\\\/2022\\\/09\\\/TermsOfService_2.png\",\"image_position\":\"center-center\",\"padding_remove_top\":true,\"style\":\"default\",\"title_breakpoint\":\"xl\",\"title_position\":\"top-left\",\"title_rotation\":\"left\",\"vertical_align\":\"\",\"width\":\"\"},\"children\":[{\"name\":\"\",\"type\":\"row\",\"props\":{\"margin_remove_bottom\":false,\"margin_remove_top\":false,\"match\":false},\"children\":[{\"name\":\"\",\"type\":\"column\",\"props\":{\"image\":\"wp-content\\\/uploads\\\/2022\\\/09\\\/TermsOfService_1.png\",\"image_loading\":false,\"image_position\":\"center-center\",\"media_overlay_gradient\":\"\",\"position_sticky_breakpoint\":\"m\",\"width_medium\":\"1-1\"},\"children\":[{\"name\":\"\",\"type\":\"headline\",\"props\":{\"content\":\"\n\n<p>V\\u00e5ra kollektioner<\\\/p>\",\"position_left\":\"0\",\"position_top\":\"0\",\"title_color\":\"primary\",\"title_element\":\"h1\",\"title_style\":\"heading-medium\"}}]}]}]},{\"type\":\"section\",\"props\":{\"image_position\":\"center-center\",\"style\":\"default\",\"title_breakpoint\":\"xl\",\"title_position\":\"top-left\",\"title_rotation\":\"left\",\"vertical_align\":\"middle\",\"width\":\"default\"},\"children\":[{\"type\":\"row\",\"props\":{\"column_gap\":\"large\",\"layout\":\"1-2,1-2\",\"row_gap\":\"large\"},\"children\":[{\"type\":\"column\",\"props\":{\"image_position\":\"center-center\",\"media_overlay_gradient\":\"\",\"position_sticky_breakpoint\":\"m\",\"width_medium\":\"1-2\"},\"children\":[{\"type\":\"image\",\"props\":{\"animation\":\"parallax\",\"container_padding_remove\":true,\"image\":\"wp-content\\\/uploads\\\/yootheme\\\/materials-02.png\",\"image_svg_color\":\"emphasis\",\"image_width\":\"930\",\"link\":\"index.php?page_id=1445\",\"margin\":\"\",\"parallax_breakpoint\":\"m\",\"parallax_easing\":\"1.2\",\"parallax_y\":\"50,-100\"}}]},{\"type\":\"column\",\"props\":{\"image_position\":\"center-center\",\"media_overlay_gradient\":\"\",\"order_first\":\"m\",\"position_sticky_breakpoint\":\"m\",\"width_medium\":\"1-2\"},\"children\":[{\"type\":\"divider\",\"props\":{\"divider_element\":\"hr\",\"divider_style\":\"icon\"}},{\"type\":\"headline\",\"props\":{\"content\":\"R- Tile Design Collection\",\"margin_remove_top\":true,\"title_element\":\"h2\",\"title_style\":\"heading-small\"}},{\"type\":\"text\",\"props\":{\"column_breakpoint\":\"m\",\"content\":\"\n\n<p>R-Tile Floor Design Collection \\u00e4r en patenterad ny generation av robust, dold interlock, l\\u00f6st liggande LVT.<\\\/p>\\n\n\n<p>Designkollektionen finns i modern design och med unika f\\u00e4rgmatchade fogkanter som ger keramisk estetik och vinylprestanda.<\\\/p>\",\"margin\":\"default\"}},{\"type\":\"image\",\"props\":{\"image\":\"https:\\\/\\\/rthscandinavia.com\\\/wp-content\\\/uploads\\\/2022\\\/09\\\/Cert-CE.svg\",\"image_svg_color\":\"emphasis\",\"image_width\":\"120%\",\"link\":\"wp-content\\\/uploads\\\/2022\\\/09\\\/Cert-CE.svg\",\"margin\":\"default\"}},{\"type\":\"button\",\"props\":{\"grid_column_gap\":\"small\",\"grid_row_gap\":\"small\",\"margin\":\"default\"},\"children\":[{\"type\":\"button_item\",\"props\":{\"button_style\":\"text\",\"content\":\"L\\u00e4s mer\",\"content_fi\":\"Lue lis\\u00e4\\u00e4\",\"content_nb_no\":\"Les mer\",\"icon_align\":\"left\",\"link\":\"index.php?page_id=1445\"}}]}]}]}],\"name\":\"Design Tile Collection\"},{\"type\":\"section\",\"props\":{\"image_position\":\"center-center\",\"style\":\"default\",\"title_breakpoint\":\"xl\",\"title_position\":\"top-left\",\"title_rotation\":\"left\",\"vertical_align\":\"middle\",\"width\":\"default\"},\"children\":[{\"type\":\"row\",\"props\":{\"column_gap\":\"large\",\"layout\":\"1-2,1-2\",\"row_gap\":\"large\"},\"children\":[{\"type\":\"column\",\"props\":{\"image_position\":\"center-center\",\"media_overlay_gradient\":\"\",\"position_sticky_breakpoint\":\"m\",\"width_medium\":\"1-2\"},\"children\":[{\"type\":\"divider\",\"props\":{\"divider_element\":\"hr\",\"divider_style\":\"icon\"}},{\"type\":\"headline\",\"props\":{\"content\":\"R- Tile Urban Collection\",\"margin_remove_top\":true,\"title_element\":\"h2\",\"title_style\":\"heading-small\"}},{\"type\":\"text\",\"props\":{\"column_breakpoint\":\"m\",\"content\":\"\n\n<p>R-Tile Floor Urban Collection \\u00e4r en ny generation av robusta, l\\u00f6st liggande LVT.<\\\/p>\\n\n\n<p>Urban Tile Collection finns i modern design och med unika ytbehandlingar som ger keramisk estetik och vinylprestanda.<\\\/p>\",\"margin\":\"default\"}},{\"type\":\"image\",\"props\":{\"image\":\"https:\\\/\\\/rthscandinavia.com\\\/wp-content\\\/uploads\\\/2022\\\/09\\\/Cert-CE.svg\",\"image_svg_color\":\"emphasis\",\"image_width\":\"120%\",\"margin\":\"default\"}},{\"type\":\"button\",\"props\":{\"grid_column_gap\":\"small\",\"grid_row_gap\":\"small\",\"margin\":\"default\"},\"children\":[{\"type\":\"button_item\",\"props\":{\"button_style\":\"text\",\"content\":\"L\\u00e4s mer\",\"icon_align\":\"left\",\"link\":\"index.php?page_id=9\"}}]}]},{\"type\":\"column\",\"props\":{\"image_position\":\"center-center\",\"media_overlay_gradient\":\"\",\"order_first\":\"m\",\"position_sticky_breakpoint\":\"m\",\"width_medium\":\"1-2\"},\"children\":[{\"type\":\"image\",\"props\":{\"animation\":\"parallax\",\"container_padding_remove\":true,\"image\":\"wp-content\\\/uploads\\\/yootheme\\\/materials-03.png\",\"image_svg_color\":\"emphasis\",\"image_width\":\"930\",\"link\":\"index.php?page_id=9\",\"margin\":\"\",\"parallax_breakpoint\":\"m\",\"parallax_easing\":\"1\",\"parallax_x\":\"50\",\"parallax_y\":\"-100\"}}]}]}],\"name\":\"Urban Tile Collection\"},{\"type\":\"section\",\"props\":{\"image_position\":\"center-center\",\"style\":\"default\",\"title_breakpoint\":\"xl\",\"title_position\":\"top-left\",\"title_rotation\":\"left\",\"vertical_align\":\"middle\",\"width\":\"default\"},\"children\":[{\"type\":\"row\",\"props\":{\"column_gap\":\"large\",\"layout\":\"1-2,1-2\",\"row_gap\":\"large\"},\"children\":[{\"type\":\"column\",\"props\":{\"image_position\":\"center-center\",\"media_overlay_gradient\":\"\",\"position_sticky_breakpoint\":\"m\",\"width_medium\":\"1-2\"},\"children\":[{\"type\":\"image\",\"props\":{\"animation\":\"parallax\",\"container_padding_remove\":true,\"image\":\"wp-content\\\/uploads\\\/2022\\\/10\\\/1Asset-3.png\",\"image_svg_color\":\"emphasis\",\"image_width\":\"930\",\"link\":\"index.php?page_id=2083\",\"margin\":\"\",\"parallax_breakpoint\":\"m\",\"parallax_easing\":\"1\",\"parallax_x\":\"50\",\"parallax_y\":\"-100\"}}]},{\"type\":\"column\",\"props\":{\"image_position\":\"center-center\",\"media_overlay_gradient\":\"\",\"order_first\":\"m\",\"position_sticky_breakpoint\":\"m\",\"width_medium\":\"1-2\"},\"children\":[{\"type\":\"divider\",\"props\":{\"divider_element\":\"hr\",\"divider_style\":\"icon\"}},{\"type\":\"headline\",\"props\":{\"content\":\"R-Tile \\u00d6vriga typer golvplattor\",\"margin_remove_top\":true,\"title_element\":\"h2\",\"title_style\":\"heading-small\"}},{\"type\":\"text\",\"props\":{\"column_breakpoint\":\"m\",\"content\":\"\n\n<p>Tillg\\u00e4nglig i 4mm-9 mm tjocklek<br \\\/>10 farger + Custom foto film ( ex. logotyp eller annan visualisering)<br \\\/>Olika typer av ytor: Rutig, Excel, skiffer, dubbad, tekturerad duvsvans, texturerad T-fog)<\\\/p>\\n\n\n<p>Tillbeh\\u00f6r: Rampkanter<\\\/p>\",\"margin\":\"default\"}},{\"type\":\"image\",\"props\":{\"image\":\"https:\\\/\\\/rthscandinavia.com\\\/wp-content\\\/uploads\\\/2022\\\/09\\\/Cert-CE.svg\",\"image_svg_color\":\"emphasis\",\"image_width\":\"120%\",\"margin\":\"default\"}},{\"type\":\"button\",\"props\":{\"grid_column_gap\":\"small\",\"grid_row_gap\":\"small\",\"margin\":\"default\"},\"children\":[{\"type\":\"button_item\",\"props\":{\"button_style\":\"text\",\"content\":\"L\\u00e4s mer\",\"icon_align\":\"left\",\"link\":\"index.php?page_id=2083\"}}]}]}]}],\"name\":\"R-Tile Collection\"},{\"name\":\"Call to Action\",\"type\":\"section\",\"props\":{\"image\":\"\",\"image_position\":\"center-center\",\"padding_remove_bottom\":true,\"padding_remove_top\":false,\"style\":\"default\",\"text_color\":\"light\",\"title_breakpoint\":\"xl\",\"title_position\":\"top-left\",\"title_rotation\":\"left\",\"vertical_align\":\"middle\",\"width\":\"xlarge\"},\"children\":[{\"name\":\"\",\"type\":\"row\",\"children\":[{\"name\":\"\",\"type\":\"column\",\"props\":{\"image\":\"wp-content\\\/uploads\\\/cta-bg.jpg\",\"image_position\":\"center-center\",\"image_size\":\"cover\",\"image_width\":\"1600\",\"media_overlay_gradient\":\"\",\"padding\":\"large\",\"position_sticky_breakpoint\":\"m\",\"text_color\":\"light\",\"vertical_align\":\"middle\",\"width_medium\":\"1-1\"},\"children\":[{\"name\":\"\",\"type\":\"image\",\"props\":{\"image\":\"wp-content\\\/uploads\\\/cta-icon.svg\",\"image_svg_color\":\"success\",\"image_svg_inline\":true,\"margin\":\"default\",\"text_align\":\"center\"}},{\"name\":\"\",\"type\":\"headline\",\"props\":{\"content\":\"Letar du efter n\\u00e5got individuellt?\",\"content_fi\":\"Etsitk\\u00f6 jotain yksil\\u00f6llist\\u00e4?\",\"content_nb_no\":\"Leter du etter noe individuelt?\",\"margin\":\"default\",\"text_align\":\"center\",\"title_color\":\"success\",\"title_element\":\"h2\",\"title_style\":\"heading-small\"}},{\"name\":\"\",\"type\":\"button\",\"props\":{\"button_size\":\"large\",\"fullwidth\":false,\"grid_column_gap\":\"\",\"grid_row_gap\":\"\",\"margin\":\"large\",\"margin_remove_bottom\":false,\"text_align\":\"center\"},\"children\":[{\"name\":\"\",\"type\":\"button_item\",\"props\":{\"button_style\":\"default\",\"content\":\"Kontakta oss\",\"content_fi\":\"Ota yhteytt\\u00e4\",\"content_nb_no\":\"Kontakt oss\",\"icon\":\"mail\",\"icon_align\":\"left\",\"link\":\"index.php?page_id=7\"}}]}]}]}]}],\"version\":\"3.0.25\"} --><\/p>\n","protected":false},"excerpt":{"rendered":"<p>V\u00e5ra kollektioner R- Tile Design Collection R-Tile Floor Design Collection \u00e4r en patenterad ny generation av robust, dold interlock, l\u00f6st liggande LVT. Designkollektionen finns i modern design och med unika f\u00e4rgmatchade fogkanter som ger keramisk estetik och vinylprestanda. L\u00e4s mer R- Tile Urban Collection R-Tile Floor Urban Collection \u00e4r en ny generation av robusta, l\u00f6st [&hellip;]<\/p>\n","protected":false},"author":1,"featured_media":0,"parent":0,"menu_order":0,"comment_status":"closed","ping_status":"closed","template":"","meta":{"_acf_changed":false,"footnotes":""},"class_list":["post-1198","page","type-page","status-publish","hentry"],"acf":[],"aioseo_notices":[],"_links":{"self":[{"href":"https:\/\/rthscandinavia.com\/index.php?rest_route=\/wp\/v2\/pages\/1198","targetHints":{"allow":["GET"]}}],"collection":[{"href":"https:\/\/rthscandinavia.com\/index.php?rest_route=\/wp\/v2\/pages"}],"about":[{"href":"https:\/\/rthscandinavia.com\/index.php?rest_route=\/wp\/v2\/types\/page"}],"author":[{"embeddable":true,"href":"https:\/\/rthscandinavia.com\/index.php?rest_route=\/wp\/v2\/users\/1"}],"replies":[{"embeddable":true,"href":"https:\/\/rthscandinavia.com\/index.php?rest_route=%2Fwp%2Fv2%2Fcomments&post=1198"}],"version-history":[{"count":63,"href":"https:\/\/rthscandinavia.com\/index.php?rest_route=\/wp\/v2\/pages\/1198\/revisions"}],"predecessor-version":[{"id":2110,"href":"https:\/\/rthscandinavia.com\/index.php?rest_route=\/wp\/v2\/pages\/1198\/revisions\/2110"}],"wp:attachment":[{"href":"https:\/\/rthscandinavia.com\/index.php?rest_route=%2Fwp%2Fv2%2Fmedia&parent=1198"}],"curies":[{"name":"wp","href":"https:\/\/api.w.org\/{rel}","templated":true}]}}