{"id":2,"date":"2019-05-09T13:33:16","date_gmt":"2019-05-09T13:33:16","guid":{"rendered":"https:\/\/rthscandinavia.com\/?p=2"},"modified":"2023-05-29T13:17:03","modified_gmt":"2023-05-29T11:17:03","slug":"services","status":"publish","type":"page","link":"https:\/\/rthscandinavia.com\/?page_id=2","title":{"rendered":"Anv\u00e4ndning"},"content":{"rendered":"<h1>V\u00e5ra tj\u00e4nster l\u00e4mnar<br \/>inget \u00f6vrigt att \u00f6nska.<\/h1>\n<ul>\n<li>\n<p>        <img decoding=\"async\" src=\"\/wp-content\/uploads\/2022\/10\/Anvendelse-20.png\" alt=\"\"><\/p>\n<h2>Detaljhandel<\/h2>\n<div>\n<p>L\u00e4s mer<\/p>\n<\/div>\n<p><a href=\"\/index.php?page_id=1198\">Detaljhandel<\/a><\/p>\n<\/li>\n<li>\n<p>        <img decoding=\"async\" src=\"\/wp-content\/uploads\/2022\/10\/Anvendelse_-10.png\" alt=\"\"><\/p>\n<h2>Restaurang<\/h2>\n<div>\n<p><a class=\"uk-button uk-button-text\">L\u00e4s mer<\/a><\/p>\n<\/div>\n<p><a href=\"\/index.php?page_id=1198\"><\/a><\/p>\n<\/li>\n<li>\n<p>        <img decoding=\"async\" src=\"\/wp-content\/uploads\/2022\/10\/Anvendelse-50.png\" alt=\"\"><\/p>\n<h2>Bilaff\u00e4r och garage<\/h2>\n<div><a class=\"uk-button uk-button-text\">More Details<\/a><\/div>\n<p><a href=\"\/index.php?page_id=1198\"><\/a><\/p>\n<\/li>\n<li>\n<p>        <img decoding=\"async\" src=\"\/wp-content\/uploads\/2022\/11\/Anvendelse-90.png\" alt=\"\"><\/p>\n<h2>Industrigolv<\/h2>\n<div>\n<p><a class=\"uk-button uk-button-text\">L\u00e4s mer<\/a><\/p>\n<\/div>\n<p><a href=\"\/index.php?page_id=1198\"><\/a><\/p>\n<\/li>\n<li>\n<p>        <img decoding=\"async\" src=\"\/wp-content\/uploads\/2022\/10\/Anvendelse-40.png\" alt=\"\"><\/p>\n<h2>Gym golv<\/h2>\n<div>\n<p><a class=\"uk-button uk-button-text\">L\u00e4s mer<\/a><\/p>\n<\/div>\n<p><a href=\"\/index.php?page_id=1198\"><\/a><\/p>\n<\/li>\n<li>\n<p>        <img decoding=\"async\" src=\"\/wp-content\/uploads\/2022\/10\/Anvendelse-60.png\" alt=\"\"><\/p>\n<h2>Kontors landskap<\/h2>\n<div>\n<p><a class=\"uk-button uk-button-text\">L\u00e4s mer<\/a><\/p>\n<\/div>\n<p><a href=\"\/index.php?page_id=1198\"><\/a><\/p>\n<\/li>\n<\/ul>\n<ul>\n<li>\n<p>        <img decoding=\"async\" src=\"\/wp-content\/uploads\/2022\/10\/Anvendelse-80.png\" alt=\"\"><\/p>\n<h2>Lagergolv<\/h2>\n<div>\n<p><a class=\"uk-button uk-button-text\">L\u00e4s mer<\/a><\/p>\n<\/div>\n<p><a href=\"\/index.php?page_id=9\"><\/a><\/p>\n<\/li>\n<li>\n<p>        <img decoding=\"async\" src=\"\/wp-content\/uploads\/2022\/10\/Anvendelse-70.png\" alt=\"\"><\/p>\n<h2>F\u00f6rs\u00e4ljnings m\u00e4ssa<\/h2>\n<div>\n<p><a class=\"uk-button uk-button-text\">L\u00e4s mer<\/a><\/p>\n<\/div>\n<p><a href=\"\/index.php?page_id=9\"><\/a><\/p>\n<\/li>\n<\/ul>\n<h2>KONTAKTA OSS DIREKT F\u00d6R ATT DISKUTERA DINA ID\u00c9ER<\/h2>\n<h3><a href=\"mailto:info@rthscandinavia.com\"><\/p>\n<div style=\"text-transform: lowercase;\">info@rthscandinavia.com<\/div>\n<p><\/a><\/h3>\n<p><!--more--><br \/>\n<!-- {\"name\":\"\",\"type\":\"layout\",\"children\":[{\"name\":\"Hero\",\"type\":\"section\",\"props\":{\"image_position\":\"center-center\",\"padding\":\"large\",\"style\":\"default\",\"title\":\"\",\"title_breakpoint\":\"l\",\"title_position\":\"center-right\",\"title_rotation\":\"right\",\"vertical_align\":\"middle\",\"width\":\"large\"},\"children\":[{\"name\":\"\",\"type\":\"row\",\"children\":[{\"name\":\"\",\"type\":\"column\",\"props\":{\"image_position\":\"center-center\",\"media_overlay_gradient\":\"\",\"position_sticky_breakpoint\":\"m\",\"width_medium\":\"1-1\"},\"children\":[{\"name\":\"\",\"type\":\"headline\",\"props\":{\"animation\":\"parallax\",\"content\":\"V\\u00e5ra tj\\u00e4nster l\\u00e4mnar<br \\\/>inget \\u00f6vrigt att \\u00f6nska.\",\"content_fi\":\"\n\n<div>Palvelumme l\\u00e4htev\\u00e4t<\\\/div>\\n\n\n<div>Ei mit\\u00e4\\u00e4n muuta toivomisen varaa.<\\\/div>\",\"content_nb_no\":\"V\\u00e5re tjenester er intet annet enn \\u00f8nsket\",\"parallax_breakpoint\":\"m\",\"parallax_easing\":\"1\",\"parallax_y\":\"0,-75\",\"title_element\":\"h1\",\"title_style\":\"heading-medium\"}}]}],\"props\":{\"divider\":false}}]},{\"name\":\"Services\",\"type\":\"section\",\"props\":{\"animation_delay\":false,\"image_position\":\"center-center\",\"padding\":\"xsmall\",\"padding_remove_bottom\":false,\"padding_remove_top\":false,\"style\":\"default\",\"title\":\"\",\"title_breakpoint\":\"s\",\"title_position\":\"top-right\",\"title_rotation\":\"left\",\"vertical_align\":\"middle\",\"width\":\"\"},\"children\":[{\"name\":\"\",\"type\":\"row\",\"props\":{\"margin_remove_bottom\":false,\"margin_remove_top\":false},\"children\":[{\"name\":\"\",\"type\":\"column\",\"props\":{\"image_position\":\"center-center\",\"media_overlay_gradient\":\"\",\"position_sticky_breakpoint\":\"m\",\"width_medium\":\"1-1\"},\"children\":[{\"name\":\"\",\"type\":\"gallery\",\"props\":{\"animation\":\"none\",\"filter_align\":\"left\",\"filter_all\":true,\"filter_grid_breakpoint\":\"m\",\"filter_grid_width\":\"auto\",\"filter_position\":\"top\",\"filter_style\":\"tab\",\"grid_column_gap\":\"small\",\"grid_default\":\"1\",\"grid_masonry\":false,\"grid_medium\":\"3\",\"grid_row_gap\":\"small\",\"grid_small\":\"2\",\"image_transition\":\"scale-up\",\"image_width\":\"850\",\"item_animation\":true,\"link_fullwidth\":false,\"link_style\":\"default\",\"link_text\":\"\",\"margin\":\"\",\"meta_align\":\"below-title\",\"meta_element\":\"div\",\"meta_style\":\"\",\"overlay_hover\":true,\"overlay_link\":true,\"overlay_margin\":\"small\",\"overlay_mode\":\"caption\",\"overlay_padding\":\"small\",\"overlay_position\":\"center\",\"overlay_style\":\"tile-secondary\",\"overlay_transition\":\"slide-bottom\",\"parallax_easing\":\"1\",\"show_content\":false,\"show_hover_image\":false,\"show_link\":false,\"show_meta\":false,\"show_title\":true,\"text_align\":\"center\",\"text_color\":\"\",\"title_element\":\"h2\",\"title_font_family\":\"primary\",\"title_hover_style\":\"heading\",\"title_link\":false,\"title_style\":\"text-small\",\"title_transition\":\"fade\"},\"children\":[{\"name\":\"\",\"type\":\"gallery_item\",\"props\":{\"content\":\"\n\n<p>L\\u00e4s mer<\\\/p>\",\"image\":\"wp-content\\\/uploads\\\/2022\\\/10\\\/Anvendelse-20.png\",\"link\":\"index.php?page_id=1198\",\"link_text\":\"Detaljhandel\",\"text_color_hover\":true,\"title\":\"Detaljhandel\"}},{\"name\":\"\",\"type\":\"gallery_item\",\"props\":{\"content\":\"\n\n<p><a class=\\\"uk-button uk-button-text\\\">L\\u00e4s mer<\\\/a><\\\/p>\",\"image\":\"wp-content\\\/uploads\\\/2022\\\/10\\\/Anvendelse_-10.png\",\"link\":\"index.php?page_id=1198\",\"title\":\"Restaurang\"}},{\"name\":\"\",\"type\":\"gallery_item\",\"props\":{\"content\":\"<a class=\\\"uk-button uk-button-text\\\">More Details<\\\/a>\",\"image\":\"wp-content\\\/uploads\\\/2022\\\/10\\\/Anvendelse-50.png\",\"link\":\"index.php?page_id=1198\",\"title\":\"Bilaff\\u00e4r och garage\"}},{\"name\":\"\",\"type\":\"gallery_item\",\"props\":{\"content\":\"\n\n<p><a class=\\\"uk-button uk-button-text\\\">L\\u00e4s mer<\\\/a><\\\/p>\",\"image\":\"wp-content\\\/uploads\\\/2022\\\/11\\\/Anvendelse-90.png\",\"link\":\"index.php?page_id=1198\",\"title\":\"Industrigolv\"}},{\"name\":\"\",\"type\":\"gallery_item\",\"props\":{\"content\":\"\n\n<p><a class=\\\"uk-button uk-button-text\\\">L\\u00e4s mer<\\\/a><\\\/p>\",\"image\":\"wp-content\\\/uploads\\\/2022\\\/10\\\/Anvendelse-40.png\",\"link\":\"index.php?page_id=1198\",\"title\":\"Gym golv\"}},{\"name\":\"\",\"type\":\"gallery_item\",\"props\":{\"content\":\"\n\n<p><a class=\\\"uk-button uk-button-text\\\">L\\u00e4s mer<\\\/a><\\\/p>\",\"image\":\"wp-content\\\/uploads\\\/2022\\\/10\\\/Anvendelse-60.png\",\"link\":\"index.php?page_id=1198\",\"title\":\"Kontors landskap\"}}]}]}]},{\"name\":\"\",\"type\":\"row\",\"props\":{\"column_gap\":\"small\",\"layout\":\"2-3,1-3\",\"margin_remove_bottom\":false,\"margin_remove_top\":false,\"row_gap\":\"small\"},\"children\":[{\"name\":\"\",\"type\":\"column\",\"props\":{\"image_position\":\"center-center\",\"media_overlay_gradient\":\"\",\"position_sticky_breakpoint\":\"m\",\"width_medium\":\"2-3\"},\"children\":[{\"name\":\"\",\"type\":\"gallery\",\"props\":{\"animation\":\"none\",\"filter_align\":\"left\",\"filter_all\":true,\"filter_grid_breakpoint\":\"m\",\"filter_grid_width\":\"auto\",\"filter_position\":\"top\",\"filter_style\":\"tab\",\"grid_column_gap\":\"small\",\"grid_default\":\"1\",\"grid_large\":\"2\",\"grid_medium\":\"2\",\"grid_row_gap\":\"small\",\"grid_small\":\"2\",\"grid_xlarge\":\"2\",\"image_transition\":\"scale-up\",\"image_width\":\"850\",\"item_animation\":true,\"link_style\":\"default\",\"link_text\":\"\",\"margin\":\"\",\"meta_align\":\"below-title\",\"meta_element\":\"div\",\"meta_style\":\"\",\"overlay_hover\":true,\"overlay_link\":true,\"overlay_margin\":\"small\",\"overlay_mode\":\"caption\",\"overlay_padding\":\"small\",\"overlay_position\":\"center\",\"overlay_style\":\"tile-secondary\",\"overlay_transition\":\"slide-bottom\",\"parallax_easing\":\"1\",\"show_content\":false,\"show_hover_image\":false,\"show_link\":false,\"show_meta\":false,\"show_title\":true,\"text_align\":\"center\",\"text_color\":\"\",\"title_element\":\"h2\",\"title_font_family\":\"primary\",\"title_hover_style\":\"reset\",\"title_style\":\"text-small\",\"title_transition\":\"fade\"},\"children\":[{\"name\":\"\",\"type\":\"gallery_item\",\"props\":{\"content\":\"\n\n<p><a class=\\\"uk-button uk-button-text\\\">L\\u00e4s mer<\\\/a><\\\/p>\",\"image\":\"wp-content\\\/uploads\\\/2022\\\/10\\\/Anvendelse-80.png\",\"link\":\"index.php?page_id=9\",\"title\":\"Lagergolv\"}},{\"name\":\"\",\"type\":\"gallery_item\",\"props\":{\"content\":\"\n\n<p><a class=\\\"uk-button uk-button-text\\\">L\\u00e4s mer<\\\/a><\\\/p>\",\"image\":\"wp-content\\\/uploads\\\/2022\\\/10\\\/Anvendelse-70.png\",\"link\":\"index.php?page_id=9\",\"title\":\"F\\u00f6rs\\u00e4ljnings m\\u00e4ssa\"}}]}]},{\"name\":\"\",\"type\":\"column\",\"props\":{\"image_position\":\"center-center\",\"media_overlay_gradient\":\"\",\"position_sticky_breakpoint\":\"m\",\"vertical_align\":\"middle\",\"width_medium\":\"1-3\"},\"children\":[{\"name\":\"\",\"type\":\"headline\",\"props\":{\"animation\":\"parallax\",\"block_align\":\"center\",\"content\":\"KONTAKTA OSS DIREKT F\\u00d6R ATT DISKUTERA DINA ID\\u00c9ER\",\"content_fi\":\"OTA MEIHIN SUORAAN YHTEYTT\\u00c4 KESKUSTELLAKSESI IDEOISTASI\",\"content_nb_no\":\"KONTAKT OSS DIREKTE FOR \\u00c5 DISKUTERE IDEENE DINE\",\"css\":\"@media (max-width: 1460px)  {\\n\\t.el-element { margin-top: 70px; }\\n}\",\"maxwidth\":\"large\",\"parallax_breakpoint\":\"m\",\"parallax_easing\":\"1\",\"parallax_end\":\"60vh + 60%\",\"parallax_opacity\":\"0.3,1\",\"parallax_y\":\"20,0\",\"text_align\":\"center\",\"title_element\":\"h2\",\"title_style\":\"text-large\"}},{\"type\":\"headline\",\"props\":{\"content\":\"\n\n<div style=\\\"text-transform: lowercase;\\\">info@rthscandinavia.com<\\\/div>\",\"link\":\"mailto:info@rthscandinavia.com\",\"text_align\":\"center\",\"title_color\":\"primary\",\"title_element\":\"h3\",\"title_style\":\"text-meta\"}}]}]}]}],\"version\":\"3.0.25\"} --><\/p>\n","protected":false},"excerpt":{"rendered":"<p>V\u00e5ra tj\u00e4nster l\u00e4mnaringet \u00f6vrigt att \u00f6nska. Detaljhandel L\u00e4s mer Detaljhandel Restaurang L\u00e4s mer Bilaff\u00e4r och garage More Details Industrigolv L\u00e4s mer Gym golv L\u00e4s mer Kontors landskap L\u00e4s mer Lagergolv L\u00e4s mer F\u00f6rs\u00e4ljnings m\u00e4ssa L\u00e4s mer KONTAKTA OSS DIREKT F\u00d6R ATT DISKUTERA DINA ID\u00c9ER info@rthscandinavia.com<\/p>\n","protected":false},"author":1,"featured_media":0,"parent":0,"menu_order":9,"comment_status":"open","ping_status":"open","template":"","meta":{"_acf_changed":false,"footnotes":""},"class_list":["post-2","page","type-page","status-publish","hentry"],"acf":[],"aioseo_notices":[],"_links":{"self":[{"href":"https:\/\/rthscandinavia.com\/index.php?rest_route=\/wp\/v2\/pages\/2","targetHints":{"allow":["GET"]}}],"collection":[{"href":"https:\/\/rthscandinavia.com\/index.php?rest_route=\/wp\/v2\/pages"}],"about":[{"href":"https:\/\/rthscandinavia.com\/index.php?rest_route=\/wp\/v2\/types\/page"}],"author":[{"embeddable":true,"href":"https:\/\/rthscandinavia.com\/index.php?rest_route=\/wp\/v2\/users\/1"}],"replies":[{"embeddable":true,"href":"https:\/\/rthscandinavia.com\/index.php?rest_route=%2Fwp%2Fv2%2Fcomments&post=2"}],"version-history":[{"count":46,"href":"https:\/\/rthscandinavia.com\/index.php?rest_route=\/wp\/v2\/pages\/2\/revisions"}],"predecessor-version":[{"id":2123,"href":"https:\/\/rthscandinavia.com\/index.php?rest_route=\/wp\/v2\/pages\/2\/revisions\/2123"}],"wp:attachment":[{"href":"https:\/\/rthscandinavia.com\/index.php?rest_route=%2Fwp%2Fv2%2Fmedia&parent=2"}],"curies":[{"name":"wp","href":"https:\/\/api.w.org\/{rel}","templated":true}]}}